{"id":195,"date":"2026-04-17T13:09:38","date_gmt":"2026-04-17T13:09:38","guid":{"rendered":"https:\/\/www.carbonx.ch\/?page_id=195"},"modified":"2026-04-18T21:41:37","modified_gmt":"2026-04-18T21:41:37","slug":"ueberuns","status":"publish","type":"page","link":"https:\/\/www.carbonx.ch\/?page_id=195","title":{"rendered":"\u00dcber uns"},"content":{"rendered":"\t\t<div data-elementor-type=\"wp-page\" data-elementor-id=\"195\" class=\"elementor elementor-195\">\n\t\t\t\t<div class=\"elementor-element elementor-element-2cbf74cf e-flex e-con-boxed e-con e-parent\" data-id=\"2cbf74cf\" data-element_type=\"container\" data-e-type=\"container\">\n\t\t\t\t\t<div class=\"e-con-inner\">\n\t\t\t\t<div class=\"elementor-element elementor-element-591ac30f elementor-widget__width-initial elementor-widget elementor-widget-text-editor\" data-id=\"591ac30f\" data-element_type=\"widget\" data-e-type=\"widget\" data-widget_type=\"text-editor.default\">\n\t\t\t\t\t\t\t\t\t<h5 data-start=\"125\" data-end=\"277\"><span style=\"color: #ffffff;\">\u00dcber uns<\/span><\/h5><p data-start=\"125\" data-end=\"277\"><span style=\"color: #ffffff;\">Wir sind nicht nur Gesch\u00e4ftspartner \u2013 wir sind 3 Freunde, die eine gemeinsame Vision verbindet: einen echten Beitrag zum Schutz unserer Umwelt zu leisten.<\/span><\/p><p data-start=\"279\" data-end=\"635\"><span style=\"color: #ffffff;\">Was als pers\u00f6nliche \u00dcberzeugung begann, entwickelte sich durch eine besondere Wendung des Schicksals weiter. Wir wurden von Partnern aus Brasilien kontaktiert, die uns die M\u00f6glichkeit er\u00f6ffneten, aktiv im Bereich CO\u2082-Zertifikate und Umweltschutz mitzuwirken. Anfangs h\u00f6rten wir einfach zu \u2013 doch je mehr wir verstanden, desto st\u00e4rker wuchs unser Interesse.<\/span><\/p><p data-start=\"637\" data-end=\"801\"><span style=\"color: #ffffff;\">Schnell wurde uns klar: Das ist mehr als nur ein Gesch\u00e4ftsmodell. Es ist eine Chance, Verantwortung zu \u00fcbernehmen und aktiv zur Erhaltung unserer Natur beizutragen.<\/span><\/p><p data-start=\"803\" data-end=\"991\"><span style=\"color: #ffffff;\">Seitdem besch\u00e4ftigen wir uns intensiv mit nachhaltigen Projekten und dem CO\u2082-Markt. Mit jedem Schritt sind wir tiefer in diese Welt eingetaucht und konnten unser Netzwerk stetig erweitern.<\/span><\/p><p data-start=\"993\" data-end=\"1343\"><span style=\"color: #ffffff;\">Besonders wertvoll ist f\u00fcr uns, dass wir mittlerweile weltweit von Partnern kontaktiert werden, die uns CO\u2082-Zertifikate und nachhaltige Projekte aus verschiedenen L\u00e4ndern zur Verf\u00fcgung stellen. Dadurch erhalten wir vielf\u00e4ltige Einblicke in internationale Umweltinitiativen und k\u00f6nnen aktiv dazu beitragen, Projekte auf globaler Ebene zu unterst\u00fctzen.<\/span><\/p><p data-start=\"1345\" data-end=\"1525\"><span style=\"color: #ffffff;\">Heute stehen wir f\u00fcr nachhaltige L\u00f6sungen, transparente Zusammenarbeit und den festen Willen, gemeinsam mit unseren Partnern einen positiven Einfluss auf unsere Umwelt zu schaffen.<\/span><\/p><p style=\"text-align: center;\">\u00a0<\/p>\t\t\t\t\t\t\t\t<\/div>\n\t\t\t\t\t<\/div>\n\t\t\t\t<\/div>\n\t\t<div class=\"elementor-element elementor-element-1a999fa e-grid e-con-boxed e-con e-parent\" data-id=\"1a999fa\" data-element_type=\"container\" data-e-type=\"container\">\n\t\t\t\t\t<div class=\"e-con-inner\">\n\t\t\t\t\t\t\t\n\t\t<img class=\"e-image-base e-65882bb-136af98\" \n\t\t\t\t\tdata-interaction-id=\"65882bb\" \n\t\t \n\t\t \n\t\t\t\t\t\t\t\t\tid=\"235\"\n\t\t\t\t\t\t\t\t\t\t\t\tsrc=\"https:\/\/www.carbonx.ch\/wp-content\/uploads\/2026\/04\/jeovany-gr.png\"\n\t\t\t\t\t\t\t\t\t\t\t\twidth=\"1365\"\n\t\t\t\t\t\t\t\t\t\t\t\theight=\"2048\"\n\t\t\t\t\t\t\t\t\t\t\t\tsrcset=\"https:\/\/www.carbonx.ch\/wp-content\/uploads\/2026\/04\/jeovany-gr.png 1365w, https:\/\/www.carbonx.ch\/wp-content\/uploads\/2026\/04\/jeovany-gr-200x300.png 200w, https:\/\/www.carbonx.ch\/wp-content\/uploads\/2026\/04\/jeovany-gr-683x1024.png 683w, https:\/\/www.carbonx.ch\/wp-content\/uploads\/2026\/04\/jeovany-gr-768x1152.png 768w, https:\/\/www.carbonx.ch\/wp-content\/uploads\/2026\/04\/jeovany-gr-1024x1536.png 1024w\"\n\t\t\t\t\t\t\t\t\t\t\t\talt=\"\"\n\t\t\t\t\t\t\/>\n\t\t\t\t\t\t\t\t\n\t\t<img class=\"e-image-base e-30cb195-21999dc\" \n\t\t\t\t\tdata-interaction-id=\"30cb195\" \n\t\t \n\t\t \n\t\t\t\t\t\t\t\t\tid=\"234\"\n\t\t\t\t\t\t\t\t\t\t\t\tsrc=\"https:\/\/www.carbonx.ch\/wp-content\/uploads\/2026\/04\/thiago-gr.png\"\n\t\t\t\t\t\t\t\t\t\t\t\twidth=\"1024\"\n\t\t\t\t\t\t\t\t\t\t\t\theight=\"1536\"\n\t\t\t\t\t\t\t\t\t\t\t\tsrcset=\"https:\/\/www.carbonx.ch\/wp-content\/uploads\/2026\/04\/thiago-gr.png 1024w, https:\/\/www.carbonx.ch\/wp-content\/uploads\/2026\/04\/thiago-gr-200x300.png 200w, https:\/\/www.carbonx.ch\/wp-content\/uploads\/2026\/04\/thiago-gr-683x1024.png 683w, https:\/\/www.carbonx.ch\/wp-content\/uploads\/2026\/04\/thiago-gr-768x1152.png 768w\"\n\t\t\t\t\t\t\t\t\t\t\t\talt=\"\"\n\t\t\t\t\t\t\/>\n\t\t\t\t\t\t\t\t\n\t\t<img class=\"e-image-base e-6a957e4-d347d7c\" \n\t\t\t\t\tdata-interaction-id=\"6a957e4\" \n\t\t \n\t\t \n\t\t\t\t\t\t\t\t\tid=\"545\"\n\t\t\t\t\t\t\t\t\t\t\t\tsrc=\"https:\/\/www.carbonx.ch\/wp-content\/uploads\/2026\/04\/Van-Hung-4.jpg\"\n\t\t\t\t\t\t\t\t\t\t\t\twidth=\"1024\"\n\t\t\t\t\t\t\t\t\t\t\t\theight=\"1540\"\n\t\t\t\t\t\t\t\t\t\t\t\tsrcset=\"https:\/\/www.carbonx.ch\/wp-content\/uploads\/2026\/04\/Van-Hung-4.jpg 1024w, https:\/\/www.carbonx.ch\/wp-content\/uploads\/2026\/04\/Van-Hung-4-199x300.jpg 199w, https:\/\/www.carbonx.ch\/wp-content\/uploads\/2026\/04\/Van-Hung-4-681x1024.jpg 681w, https:\/\/www.carbonx.ch\/wp-content\/uploads\/2026\/04\/Van-Hung-4-768x1155.jpg 768w, https:\/\/www.carbonx.ch\/wp-content\/uploads\/2026\/04\/Van-Hung-4-1021x1536.jpg 1021w\"\n\t\t\t\t\t\t\t\t\t\t\t\talt=\"\"\n\t\t\t\t\t\t\/>\n\t\t\t\t\t\t<\/div>\n\t\t\t\t<\/div>\n\t\t<div class=\"elementor-element elementor-element-cbb445c e-grid e-con-boxed e-con e-parent\" data-id=\"cbb445c\" data-element_type=\"container\" data-e-type=\"container\">\n\t\t\t\t\t<div class=\"e-con-inner\">\n\t\t\t\t<div class=\"elementor-element elementor-element-144ad65 elementor-widget__width-initial elementor-widget elementor-widget-text-editor\" data-id=\"144ad65\" data-element_type=\"widget\" data-e-type=\"widget\" data-widget_type=\"text-editor.default\">\n\t\t\t\t\t\t\t\t\t<p style=\"text-align: center;\"><strong><span style=\"color: #ffffff;\">Jeovany A.Gerard<\/span><\/strong><\/p>\n<p style=\"text-align: center;\"><span style=\"color: #ffffff;\">Switzerland <img decoding=\"async\" class=\"alignnone wp-image-456\" src=\"https:\/\/www.carbonx.ch\/wp-content\/uploads\/2026\/04\/Schweiz.png\" alt=\"\" width=\"25\" height=\"16\" srcset=\"https:\/\/www.carbonx.ch\/wp-content\/uploads\/2026\/04\/Schweiz.png 1536w, https:\/\/www.carbonx.ch\/wp-content\/uploads\/2026\/04\/Schweiz-300x200.png 300w, https:\/\/www.carbonx.ch\/wp-content\/uploads\/2026\/04\/Schweiz-1024x683.png 1024w, https:\/\/www.carbonx.ch\/wp-content\/uploads\/2026\/04\/Schweiz-768x512.png 768w\" sizes=\"(max-width: 25px) 100vw, 25px\" \/><\/span><\/p>\n<p style=\"text-align: center; margin-bottom: 0;\"><span style=\"color: #ffffff;\">Sprachen:<\/span><\/p>\n<p style=\"text-align: center; margin: 0;\"><span style=\"color: #ffffff;\">Portugiesisch<\/span><\/p>\n<p style=\"text-align: center; margin: 0;\"><span style=\"color: #ffffff;\">Deutsch<\/span><\/p>\n<p style=\"text-align: center; margin: 0;\"><span style=\"color: #ffffff;\">Spanisch<\/span><\/p>\n<p style=\"text-align: center; margin: 0;\"><span style=\"color: #ffffff;\">Italienisch<\/span><\/p>\t\t\t\t\t\t\t\t<\/div>\n\t\t\t\t<div class=\"elementor-element elementor-element-63235d6 elementor-widget__width-initial elementor-widget elementor-widget-text-editor\" data-id=\"63235d6\" data-element_type=\"widget\" data-e-type=\"widget\" data-widget_type=\"text-editor.default\">\n\t\t\t\t\t\t\t\t\t<p style=\"text-align: center;\"><strong><span style=\"color: #ffffff;\">Thiago Zanardi<\/span><\/strong><\/p><p style=\"text-align: center;\"><span style=\"color: #ffffff;\">Brasilien <img decoding=\"async\" class=\"alignnone wp-image-456\" src=\"https:\/\/www.carbonx.ch\/wp-content\/uploads\/2026\/04\/Brasilien.png\" alt=\"\" width=\"25\" height=\"16\" \/><\/span><\/p><p style=\"text-align: center; margin-bottom: 0;\"><span style=\"color: #ffffff;\">Sprachen:<\/span><\/p><p style=\"text-align: center; margin: 0;\"><span style=\"color: #ffffff;\">Portugiesisch<\/span><\/p>\t\t\t\t\t\t\t\t<\/div>\n\t\t\t\t<div class=\"elementor-element elementor-element-be7c3e8 elementor-widget__width-initial elementor-widget elementor-widget-text-editor\" data-id=\"be7c3e8\" data-element_type=\"widget\" data-e-type=\"widget\" data-widget_type=\"text-editor.default\">\n\t\t\t\t\t\t\t\t\t<p style=\"text-align: center;\"><strong><span style=\"color: #ffffff;\">Van Hung Nguyen<\/span><\/strong><\/p><p style=\"text-align: center;\"><span style=\"color: #ffffff;\">Liechtenstein <img decoding=\"async\" class=\"alignnone wp-image-456\" src=\"https:\/\/www.carbonx.ch\/wp-content\/uploads\/2026\/04\/Liechtenstein.png\" alt=\"\" width=\"25\" height=\"16\" \/><\/span><\/p><p style=\"text-align: center; margin-bottom: 0;\"><span style=\"color: #ffffff;\">Sprachen:<\/span><\/p><p style=\"text-align: center; margin: 0;\"><span style=\"color: #ffffff;\">Deutsch<\/span><\/p><p style=\"text-align: center; margin: 0;\"><span style=\"color: #ffffff;\">Englisch<\/span><\/p><p style=\"text-align: center; margin: 0;\"><span style=\"color: #ffffff;\">Laotisch<\/span><\/p><p style=\"text-align: center; margin: 0;\"><span style=\"color: #ffffff;\">Vietnameisch<\/span><\/p>\t\t\t\t\t\t\t\t<\/div>\n\t\t\t\t\t<\/div>\n\t\t\t\t<\/div>\n\t\t\t\t<\/div>\n\t\t","protected":false},"excerpt":{"rendered":"<p>\u00dcber uns Wir sind nicht nur Gesch\u00e4ftspartner \u2013 wir sind 3 Freunde, die eine gemeinsame Vision verbindet: einen echten Beitrag zum Schutz unserer Umwelt zu leisten. Was als pers\u00f6nliche \u00dcberzeugung begann, entwickelte sich durch eine besondere Wendung des Schicksals weiter. Wir wurden von Partnern aus Brasilien kontaktiert, die uns die M\u00f6glichkeit er\u00f6ffneten, aktiv im Bereich [&hellip;]<\/p>\n","protected":false},"author":1,"featured_media":0,"parent":0,"menu_order":5,"comment_status":"closed","ping_status":"closed","template":"fullwidth-page.php","meta":{"footnotes":""},"class_list":["post-195","page","type-page","status-publish","hentry"],"yoast_head":"<!-- This site is optimized with the Yoast SEO plugin v27.4 - https:\/\/yoast.com\/product\/yoast-seo-wordpress\/ -->\n<title>\u00dcber uns - Carbon X - CO\u2082-Projekte<\/title>\n<meta name=\"robots\" content=\"index, follow, max-snippet:-1, max-image-preview:large, max-video-preview:-1\" \/>\n<link rel=\"canonical\" href=\"https:\/\/www.carbonx.ch\/?page_id=195\" \/>\n<meta property=\"og:locale\" content=\"de_DE\" \/>\n<meta property=\"og:type\" content=\"article\" \/>\n<meta property=\"og:title\" content=\"\u00dcber uns - Carbon X - CO\u2082-Projekte\" \/>\n<meta property=\"og:description\" content=\"\u00dcber uns Wir sind nicht nur Gesch\u00e4ftspartner \u2013 wir sind 3 Freunde, die eine gemeinsame Vision verbindet: einen echten Beitrag zum Schutz unserer Umwelt zu leisten. Was als pers\u00f6nliche \u00dcberzeugung begann, entwickelte sich durch eine besondere Wendung des Schicksals weiter. Wir wurden von Partnern aus Brasilien kontaktiert, die uns die M\u00f6glichkeit er\u00f6ffneten, aktiv im Bereich [&hellip;]\" \/>\n<meta property=\"og:url\" content=\"https:\/\/www.carbonx.ch\/?page_id=195\" \/>\n<meta property=\"og:site_name\" content=\"Carbon X - CO\u2082-Projekte\" \/>\n<meta property=\"article:modified_time\" content=\"2026-04-18T21:41:37+00:00\" \/>\n<meta property=\"og:image\" content=\"https:\/\/www.carbonx.ch\/wp-content\/uploads\/2026\/04\/jeovany-gr.png\" \/>\n<meta name=\"twitter:card\" content=\"summary_large_image\" \/>\n<meta name=\"twitter:label1\" content=\"Gesch\u00e4tzte Lesezeit\" \/>\n\t<meta name=\"twitter:data1\" content=\"2\u00a0Minuten\" \/>\n<script type=\"application\/ld+json\" class=\"yoast-schema-graph\">{\"@context\":\"https:\\\/\\\/schema.org\",\"@graph\":[{\"@type\":\"WebPage\",\"@id\":\"https:\\\/\\\/www.carbonx.ch\\\/?page_id=195\",\"url\":\"https:\\\/\\\/www.carbonx.ch\\\/?page_id=195\",\"name\":\"\u00dcber uns - Carbon X - CO\u2082-Projekte\",\"isPartOf\":{\"@id\":\"https:\\\/\\\/www.carbonx.ch\\\/#website\"},\"primaryImageOfPage\":{\"@id\":\"https:\\\/\\\/www.carbonx.ch\\\/?page_id=195#primaryimage\"},\"image\":{\"@id\":\"https:\\\/\\\/www.carbonx.ch\\\/?page_id=195#primaryimage\"},\"thumbnailUrl\":\"https:\\\/\\\/www.carbonx.ch\\\/wp-content\\\/uploads\\\/2026\\\/04\\\/jeovany-gr.png\",\"datePublished\":\"2026-04-17T13:09:38+00:00\",\"dateModified\":\"2026-04-18T21:41:37+00:00\",\"breadcrumb\":{\"@id\":\"https:\\\/\\\/www.carbonx.ch\\\/?page_id=195#breadcrumb\"},\"inLanguage\":\"de\",\"potentialAction\":[{\"@type\":\"ReadAction\",\"target\":[\"https:\\\/\\\/www.carbonx.ch\\\/?page_id=195\"]}]},{\"@type\":\"ImageObject\",\"inLanguage\":\"de\",\"@id\":\"https:\\\/\\\/www.carbonx.ch\\\/?page_id=195#primaryimage\",\"url\":\"https:\\\/\\\/www.carbonx.ch\\\/wp-content\\\/uploads\\\/2026\\\/04\\\/jeovany-gr.png\",\"contentUrl\":\"https:\\\/\\\/www.carbonx.ch\\\/wp-content\\\/uploads\\\/2026\\\/04\\\/jeovany-gr.png\",\"width\":1365,\"height\":2048},{\"@type\":\"BreadcrumbList\",\"@id\":\"https:\\\/\\\/www.carbonx.ch\\\/?page_id=195#breadcrumb\",\"itemListElement\":[{\"@type\":\"ListItem\",\"position\":1,\"name\":\"Start\",\"item\":\"https:\\\/\\\/www.carbonx.ch\\\/\"},{\"@type\":\"ListItem\",\"position\":2,\"name\":\"\u00dcber uns\"}]},{\"@type\":\"WebSite\",\"@id\":\"https:\\\/\\\/www.carbonx.ch\\\/#website\",\"url\":\"https:\\\/\\\/www.carbonx.ch\\\/\",\"name\":\"Carbon X - CO\u2082-Projekte\",\"description\":\"\",\"publisher\":{\"@id\":\"https:\\\/\\\/www.carbonx.ch\\\/#organization\"},\"potentialAction\":[{\"@type\":\"SearchAction\",\"target\":{\"@type\":\"EntryPoint\",\"urlTemplate\":\"https:\\\/\\\/www.carbonx.ch\\\/?s={search_term_string}\"},\"query-input\":{\"@type\":\"PropertyValueSpecification\",\"valueRequired\":true,\"valueName\":\"search_term_string\"}}],\"inLanguage\":\"de\"},{\"@type\":\"Organization\",\"@id\":\"https:\\\/\\\/www.carbonx.ch\\\/#organization\",\"name\":\"Carbon X - CO\u2082-Projekte\",\"url\":\"https:\\\/\\\/www.carbonx.ch\\\/\",\"logo\":{\"@type\":\"ImageObject\",\"inLanguage\":\"de\",\"@id\":\"https:\\\/\\\/www.carbonx.ch\\\/#\\\/schema\\\/logo\\\/image\\\/\",\"url\":\"https:\\\/\\\/www.carbonx.ch\\\/wp-content\\\/uploads\\\/2026\\\/04\\\/cropped-carbon_x_1dc.png\",\"contentUrl\":\"https:\\\/\\\/www.carbonx.ch\\\/wp-content\\\/uploads\\\/2026\\\/04\\\/cropped-carbon_x_1dc.png\",\"width\":685,\"height\":656,\"caption\":\"Carbon X - CO\u2082-Projekte\"},\"image\":{\"@id\":\"https:\\\/\\\/www.carbonx.ch\\\/#\\\/schema\\\/logo\\\/image\\\/\"}}]}<\/script>\n<!-- \/ Yoast SEO plugin. -->","yoast_head_json":{"title":"\u00dcber uns - Carbon X - CO\u2082-Projekte","robots":{"index":"index","follow":"follow","max-snippet":"max-snippet:-1","max-image-preview":"max-image-preview:large","max-video-preview":"max-video-preview:-1"},"canonical":"https:\/\/www.carbonx.ch\/?page_id=195","og_locale":"de_DE","og_type":"article","og_title":"\u00dcber uns - Carbon X - CO\u2082-Projekte","og_description":"\u00dcber uns Wir sind nicht nur Gesch\u00e4ftspartner \u2013 wir sind 3 Freunde, die eine gemeinsame Vision verbindet: einen echten Beitrag zum Schutz unserer Umwelt zu leisten. Was als pers\u00f6nliche \u00dcberzeugung begann, entwickelte sich durch eine besondere Wendung des Schicksals weiter. Wir wurden von Partnern aus Brasilien kontaktiert, die uns die M\u00f6glichkeit er\u00f6ffneten, aktiv im Bereich [&hellip;]","og_url":"https:\/\/www.carbonx.ch\/?page_id=195","og_site_name":"Carbon X - CO\u2082-Projekte","article_modified_time":"2026-04-18T21:41:37+00:00","og_image":[{"url":"https:\/\/www.carbonx.ch\/wp-content\/uploads\/2026\/04\/jeovany-gr.png","type":"","width":"","height":""}],"twitter_card":"summary_large_image","twitter_misc":{"Gesch\u00e4tzte Lesezeit":"2\u00a0Minuten"},"schema":{"@context":"https:\/\/schema.org","@graph":[{"@type":"WebPage","@id":"https:\/\/www.carbonx.ch\/?page_id=195","url":"https:\/\/www.carbonx.ch\/?page_id=195","name":"\u00dcber uns - Carbon X - CO\u2082-Projekte","isPartOf":{"@id":"https:\/\/www.carbonx.ch\/#website"},"primaryImageOfPage":{"@id":"https:\/\/www.carbonx.ch\/?page_id=195#primaryimage"},"image":{"@id":"https:\/\/www.carbonx.ch\/?page_id=195#primaryimage"},"thumbnailUrl":"https:\/\/www.carbonx.ch\/wp-content\/uploads\/2026\/04\/jeovany-gr.png","datePublished":"2026-04-17T13:09:38+00:00","dateModified":"2026-04-18T21:41:37+00:00","breadcrumb":{"@id":"https:\/\/www.carbonx.ch\/?page_id=195#breadcrumb"},"inLanguage":"de","potentialAction":[{"@type":"ReadAction","target":["https:\/\/www.carbonx.ch\/?page_id=195"]}]},{"@type":"ImageObject","inLanguage":"de","@id":"https:\/\/www.carbonx.ch\/?page_id=195#primaryimage","url":"https:\/\/www.carbonx.ch\/wp-content\/uploads\/2026\/04\/jeovany-gr.png","contentUrl":"https:\/\/www.carbonx.ch\/wp-content\/uploads\/2026\/04\/jeovany-gr.png","width":1365,"height":2048},{"@type":"BreadcrumbList","@id":"https:\/\/www.carbonx.ch\/?page_id=195#breadcrumb","itemListElement":[{"@type":"ListItem","position":1,"name":"Start","item":"https:\/\/www.carbonx.ch\/"},{"@type":"ListItem","position":2,"name":"\u00dcber uns"}]},{"@type":"WebSite","@id":"https:\/\/www.carbonx.ch\/#website","url":"https:\/\/www.carbonx.ch\/","name":"Carbon X - CO\u2082-Projekte","description":"","publisher":{"@id":"https:\/\/www.carbonx.ch\/#organization"},"potentialAction":[{"@type":"SearchAction","target":{"@type":"EntryPoint","urlTemplate":"https:\/\/www.carbonx.ch\/?s={search_term_string}"},"query-input":{"@type":"PropertyValueSpecification","valueRequired":true,"valueName":"search_term_string"}}],"inLanguage":"de"},{"@type":"Organization","@id":"https:\/\/www.carbonx.ch\/#organization","name":"Carbon X - CO\u2082-Projekte","url":"https:\/\/www.carbonx.ch\/","logo":{"@type":"ImageObject","inLanguage":"de","@id":"https:\/\/www.carbonx.ch\/#\/schema\/logo\/image\/","url":"https:\/\/www.carbonx.ch\/wp-content\/uploads\/2026\/04\/cropped-carbon_x_1dc.png","contentUrl":"https:\/\/www.carbonx.ch\/wp-content\/uploads\/2026\/04\/cropped-carbon_x_1dc.png","width":685,"height":656,"caption":"Carbon X - CO\u2082-Projekte"},"image":{"@id":"https:\/\/www.carbonx.ch\/#\/schema\/logo\/image\/"}}]}},"_links":{"self":[{"href":"https:\/\/www.carbonx.ch\/index.php?rest_route=\/wp\/v2\/pages\/195","targetHints":{"allow":["GET"]}}],"collection":[{"href":"https:\/\/www.carbonx.ch\/index.php?rest_route=\/wp\/v2\/pages"}],"about":[{"href":"https:\/\/www.carbonx.ch\/index.php?rest_route=\/wp\/v2\/types\/page"}],"author":[{"embeddable":true,"href":"https:\/\/www.carbonx.ch\/index.php?rest_route=\/wp\/v2\/users\/1"}],"replies":[{"embeddable":true,"href":"https:\/\/www.carbonx.ch\/index.php?rest_route=%2Fwp%2Fv2%2Fcomments&post=195"}],"version-history":[{"count":127,"href":"https:\/\/www.carbonx.ch\/index.php?rest_route=\/wp\/v2\/pages\/195\/revisions"}],"predecessor-version":[{"id":622,"href":"https:\/\/www.carbonx.ch\/index.php?rest_route=\/wp\/v2\/pages\/195\/revisions\/622"}],"wp:attachment":[{"href":"https:\/\/www.carbonx.ch\/index.php?rest_route=%2Fwp%2Fv2%2Fmedia&parent=195"}],"curies":[{"name":"wp","href":"https:\/\/api.w.org\/{rel}","templated":true}]}}