{"id":2,"date":"2026-04-14T18:15:04","date_gmt":"2026-04-14T18:15:04","guid":{"rendered":"https:\/\/carbonx.ch\/?page_id=2"},"modified":"2026-04-18T05:12:25","modified_gmt":"2026-04-18T05:12:25","slug":"kontakt","status":"publish","type":"page","link":"https:\/\/www.carbonx.ch\/?page_id=2","title":{"rendered":"Kontakt"},"content":{"rendered":"\t\t<div data-elementor-type=\"wp-page\" data-elementor-id=\"2\" class=\"elementor elementor-2\">\n\t\t\t\t<div class=\"elementor-element elementor-element-3ea53b77 e-flex e-con-boxed e-con e-parent\" data-id=\"3ea53b77\" data-element_type=\"container\" data-e-type=\"container\" data-settings=\"{&quot;background_background&quot;:&quot;gradient&quot;}\">\n\t\t\t\t\t<div class=\"e-con-inner\">\n\t\t\t\t<div class=\"elementor-element elementor-element-6cdd5c7c elementor-widget elementor-widget-text-editor\" data-id=\"6cdd5c7c\" data-element_type=\"widget\" data-e-type=\"widget\" data-widget_type=\"text-editor.default\">\n\t\t\t\t\t\t\t\t\t<h4 style=\"text-align: center;\"><span style=\"color: #ffffff;\">Kontakt<\/span><\/h4><h5>\u00a0<\/h5><h5 style=\"text-align: center;\"><span style=\"color: #ffffff;\">CO\u2082 \/ Carbon \u2013 Kontakt &amp; Beratung<\/span><\/h5><p style=\"text-align: center;\"><span style=\"color: #ffffff;\">Haben Sie Fragen zur Lieferung, Anwendung oder Qualit\u00e4t von CO\u2082?<\/span><\/p><p style=\"text-align: center;\"><span style=\"color: #ffffff;\">Wir bieten Ihnen zuverl\u00e4ssige CO\u2082-Versorgung, kompetente Beratung sowie ma\u00dfgeschneiderte L\u00f6sungen f\u00fcr Ihre individuellen Anforderungen.<\/span><\/p>\t\t\t\t\t\t\t\t<\/div>\n\t\t<div class=\"elementor-element elementor-element-29fea42 e-con-full e-flex e-con e-child\" data-id=\"29fea42\" data-element_type=\"container\" data-e-type=\"container\">\n\t\t\t\t<div class=\"elementor-element elementor-element-8089b7f elementor-widget elementor-widget-text-editor\" data-id=\"8089b7f\" data-element_type=\"widget\" data-e-type=\"widget\" data-widget_type=\"text-editor.default\">\n\t\t\t\t\t\t\t\t\t<h4 style=\"text-align: center;\"><span style=\"color: #ffffff;\">Kontaktformular<\/span><\/h4>\t\t\t\t\t\t\t\t<\/div>\n\t\t\t\t<div class=\"elementor-element elementor-element-b3f4e31 elementor-widget elementor-widget-text-editor\" data-id=\"b3f4e31\" data-element_type=\"widget\" data-e-type=\"widget\" data-widget_type=\"text-editor.default\">\n\t\t\t\t\t\t\t\t\t<h6 style=\"text-align: center;\"><span style=\"color: #ffffff;\">Welche Anliegen interessiert Sie?<\/span><\/h6>\t\t\t\t\t\t\t\t<\/div>\n\t\t\t\t<div class=\"elementor-element elementor-element-59baba7 elementor-widget__width-initial elementor-widget elementor-widget-text-editor\" data-id=\"59baba7\" data-element_type=\"widget\" data-e-type=\"widget\" data-widget_type=\"text-editor.default\">\n\t\t\t\t\t\t\t\t\t<p>\n<div class=\"wpcf7 no-js\" id=\"wpcf7-f46-o1\" lang=\"de-DE\" dir=\"ltr\" data-wpcf7-id=\"46\">\n<div class=\"screen-reader-response\"><p role=\"status\" aria-live=\"polite\" aria-atomic=\"true\"><\/p> <ul><\/ul><\/div>\n<form action=\"\/index.php?rest_route=%2Fwp%2Fv2%2Fpages%2F2#wpcf7-f46-o1\" method=\"post\" class=\"wpcf7-form init\" aria-label=\"Kontaktformular\" novalidate=\"novalidate\" data-status=\"init\">\n<fieldset class=\"hidden-fields-container\"><input type=\"hidden\" name=\"_wpcf7\" value=\"46\" \/><input type=\"hidden\" name=\"_wpcf7_version\" value=\"6.1.5\" \/><input type=\"hidden\" name=\"_wpcf7_locale\" value=\"de_DE\" \/><input type=\"hidden\" name=\"_wpcf7_unit_tag\" value=\"wpcf7-f46-o1\" \/><input type=\"hidden\" name=\"_wpcf7_container_post\" value=\"0\" \/><input type=\"hidden\" name=\"_wpcf7_posted_data_hash\" value=\"\" \/>\n<\/fieldset>\n<div class=\"member_kontactform_de\">\n\t<div class=\"row\">\n\t\t<div class=\"col-lg-12 col-md-6 col-sm-6 col-xs-12\" style=\"text-align:center;\">\n\t\t\t<div class=\"input-group\" style=\"display:flex; justify-content:center; margin-bottom:20px;\">\n\t\t\t\t<p><span class=\"wpcf7-form-control-wrap\" data-name=\"menu-527\"><select class=\"wpcf7-form-control wpcf7-select wpcf7-validates-as-required\" aria-required=\"true\" aria-invalid=\"false\" name=\"menu-527\"><option value=\"Bitte w\u00e4hlen Sie Ihr Anliegen aus.*\">Bitte w\u00e4hlen Sie Ihr Anliegen aus.*<\/option><option value=\"Allgemeine Fragen\">Allgemeine Fragen<\/option><option value=\"K\u00e4ufer\">K\u00e4ufer<\/option><option value=\"Verk\u00e4ufer\">Verk\u00e4ufer<\/option><\/select><\/span>\n\t\t\t\t<\/p>\n\t\t\t<\/div>\n\t\t<\/div>\n\t\t<div class=\"col-lg-6 col-md-6 col-sm-6 col-xs-12 style=\"margin-top:30px;\">\n\t\t\t<div class=\"input-group\">\n\t\t\t\t<p><span class=\"wpcf7-form-control-wrap\" data-name=\"menu-438\"><select class=\"wpcf7-form-control wpcf7-select wpcf7-validates-as-required\" aria-required=\"true\" aria-invalid=\"false\" name=\"menu-438\"><option value=\"Ihre Anrede*\">Ihre Anrede*<\/option><option value=\"Frau\">Frau<\/option><option value=\"Herr\">Herr<\/option><\/select><\/span>\n\t\t\t\t<\/p>\n\t\t\t<\/div>\n\t\t<\/div>\n\t\t<div class=\"col-lg-6 col-md-6 col-sm-6 col-xs-12\">\n\t\t\t<div class=\"input-group\">\n\t\t\t\t<p><span class=\"wpcf7-form-control-wrap\" data-name=\"menu-50\"><select class=\"wpcf7-form-control wpcf7-select wpcf7-validates-as-required\" aria-required=\"true\" aria-invalid=\"false\" name=\"menu-50\"><option value=\"Staatsangeh\u00f6rigkeit*\">Staatsangeh\u00f6rigkeit*<\/option><option value=\"Deutschland\">Deutschland<\/option><option value=\"Frankreich\">Frankreich<\/option><option value=\"Italien\">Italien<\/option><option value=\"Portugal\">Portugal<\/option><option value=\"Schweiz\">Schweiz<\/option><option value=\"Spanien\">Spanien<\/option><option value=\"Afghanistan\">Afghanistan<\/option><option value=\"Albanien\">Albanien<\/option><option value=\"Algerien\">Algerien<\/option><option value=\"Andorra\">Andorra<\/option><option value=\"Angola\">Angola<\/option><option value=\"Anguilla\">Anguilla<\/option><option value=\"Antarktis\">Antarktis<\/option><option value=\"Antigua und Barbuda\">Antigua und Barbuda<\/option><option value=\"Argentinien\">Argentinien<\/option><option value=\"Armenien\">Armenien<\/option><option value=\"Aruba\">Aruba<\/option><option value=\"Aserbaidschan\">Aserbaidschan<\/option><option value=\"Australien\">Australien<\/option><option value=\"Bahamas\">Bahamas<\/option><option value=\"Bahrain\">Bahrain<\/option><option value=\"Bangladesch\">Bangladesch<\/option><option value=\"Barbados\">Barbados<\/option><option value=\"Belarus\">Belarus<\/option><option value=\"Belgien\">Belgien<\/option><option value=\"Belize\">Belize<\/option><option value=\"Benin\">Benin<\/option><option value=\"Bermuda\">Bermuda<\/option><option value=\"Bhutan\">Bhutan<\/option><option value=\"Bolivien\">Bolivien<\/option><option value=\"Bosnien und Herzegowina\">Bosnien und Herzegowina<\/option><option value=\"Botswana\">Botswana<\/option><option value=\"Brasilien\">Brasilien<\/option><option value=\"Brunei Darussalam\">Brunei Darussalam<\/option><option value=\"Bulgarien\">Bulgarien<\/option><option value=\"Burkina Faso\">Burkina Faso<\/option><option value=\"Burundi\">Burundi<\/option><option value=\"Chile\">Chile<\/option><option value=\"China\">China<\/option><option value=\"Costa Rica\">Costa Rica<\/option><option value=\"D\u00e4nemark\">D\u00e4nemark<\/option><option value=\"Dominica\">Dominica<\/option><option value=\"Dominikanische Republik\">Dominikanische Republik<\/option><option value=\"Dschibuti\">Dschibuti<\/option><option value=\"Ecuador\">Ecuador<\/option><option value=\"El Salvador\">El Salvador<\/option><option value=\"Elfenbeink\u00fcste\">Elfenbeink\u00fcste<\/option><option value=\"Eritrea\">Eritrea<\/option><option value=\"Estland\">Estland<\/option><option value=\"Eswatini\">Eswatini<\/option><option value=\"Falklandinseln\">Falklandinseln<\/option><option value=\"F\u00e4r\u00f6er\">F\u00e4r\u00f6er<\/option><option value=\"Fidschi\">Fidschi<\/option><option value=\"Finnland\">Finnland<\/option><option value=\"Franz\u00f6sisch-Guayana\">Franz\u00f6sisch-Guayana<\/option><option value=\"Gabun\">Gabun<\/option><option value=\"Gambia\">Gambia<\/option><option value=\"Georgien\">Georgien<\/option><option value=\"Ghana\">Ghana<\/option><option value=\"Gibraltar\">Gibraltar<\/option><option value=\"Grenada\">Grenada<\/option><option value=\"Griechenland\">Griechenland<\/option><option value=\"Guadeloupe\">Guadeloupe<\/option><option value=\"Guam\">Guam<\/option><option value=\"Guatemala\">Guatemala<\/option><option value=\"Guernsey\">Guernsey<\/option><option value=\"Guinea\">Guinea<\/option><option value=\"Guinea-Bissau\">Guinea-Bissau<\/option><option value=\"Guyana\">Guyana<\/option><option value=\"Haiti\">Haiti<\/option><option value=\"Honduras\">Honduras<\/option><option value=\"Hongkong\">Hongkong<\/option><option value=\"Indien\">Indien<\/option><option value=\"Indonesien\">Indonesien<\/option><option value=\"Irak\">Irak<\/option><option value=\"Iran\">Iran<\/option><option value=\"Irland\">Irland<\/option><option value=\"Island\">Island<\/option><option value=\"Israel\">Israel<\/option><option value=\"Jamaika\">Jamaika<\/option><option value=\"Japan\">Japan<\/option><option value=\"Jemen\">Jemen<\/option><option value=\"Jordanien\">Jordanien<\/option><option value=\"Kambodscha\">Kambodscha<\/option><option value=\"Kamerun\">Kamerun<\/option><option value=\"Kanada\">Kanada<\/option><option value=\"Kasachstan\">Kasachstan<\/option><option value=\"Katar\">Katar<\/option><option value=\"Kenia\">Kenia<\/option><option value=\"Kirgisistan\">Kirgisistan<\/option><option value=\"Kiribati\">Kiribati<\/option><option value=\"Kolumbien\">Kolumbien<\/option><option value=\"Komoren\">Komoren<\/option><option value=\"Kongo\">Kongo<\/option><option value=\"Kroatien\">Kroatien<\/option><option value=\"Kuba\">Kuba<\/option><option value=\"Kuwait\">Kuwait<\/option><option value=\"Laos\">Laos<\/option><option value=\"Lettland\">Lettland<\/option><option value=\"Libanon\">Libanon<\/option><option value=\"Liberia\">Liberia<\/option><option value=\"Libyen\">Libyen<\/option><option value=\"Liechtenstein\">Liechtenstein<\/option><option value=\"Litauen\">Litauen<\/option><option value=\"Luxemburg\">Luxemburg<\/option><option value=\"Madagaskar\">Madagaskar<\/option><option value=\"Malawi\">Malawi<\/option><option value=\"Malaysia\">Malaysia<\/option><option value=\"Malediven\">Malediven<\/option><option value=\"Mali\">Mali<\/option><option value=\"Malta\">Malta<\/option><option value=\"Marokko\">Marokko<\/option><option value=\"Marshallinseln\">Marshallinseln<\/option><option value=\"Martinique\">Martinique<\/option><option value=\"Mauretanien\">Mauretanien<\/option><option value=\"Mauritius\">Mauritius<\/option><option value=\"Mayotte\">Mayotte<\/option><option value=\"Mexiko\">Mexiko<\/option><option value=\"Mikronesien\">Mikronesien<\/option><option value=\"Moldau\">Moldau<\/option><option value=\"Monaco\">Monaco<\/option><option value=\"Mongolei\">Mongolei<\/option><option value=\"Montenegro\">Montenegro<\/option><option value=\"Mosambik\">Mosambik<\/option><option value=\"Myanmar\">Myanmar<\/option><option value=\"Namibia\">Namibia<\/option><option value=\"Nauru\">Nauru<\/option><option value=\"Nepal\">Nepal<\/option><option value=\"Neukaledonien\">Neukaledonien<\/option><option value=\"Neuseeland\">Neuseeland<\/option><option value=\"Nicaragua\">Nicaragua<\/option><option value=\"Niederlande\">Niederlande<\/option><option value=\"Niger\">Niger<\/option><option value=\"Nigeria\">Nigeria<\/option><option value=\"Niue\">Niue<\/option><option value=\"Nordmazedonien\">Nordmazedonien<\/option><option value=\"Norwegen\">Norwegen<\/option><option value=\"Oman\">Oman<\/option><option value=\"Pakistan\">Pakistan<\/option><option value=\"Palau\">Palau<\/option><option value=\"Panama\">Panama<\/option><option value=\"Papua-Neuguinea\">Papua-Neuguinea<\/option><option value=\"Paraguay\">Paraguay<\/option><option value=\"Peru\">Peru<\/option><option value=\"Philippinen\">Philippinen<\/option><option value=\"Polen\">Polen<\/option><option value=\"Puerto Rico\">Puerto Rico<\/option><option value=\"Ruanda\">Ruanda<\/option><option value=\"Rum\u00e4nien\">Rum\u00e4nien<\/option><option value=\"Russische F\u00f6deration\">Russische F\u00f6deration<\/option><option value=\"R\u00e9union\">R\u00e9union<\/option><option value=\"Salomonen\">Salomonen<\/option><option value=\"Sambia\">Sambia<\/option><option value=\"Samoa\">Samoa<\/option><option value=\"San Marino\">San Marino<\/option><option value=\"Saudi-Arabien\">Saudi-Arabien<\/option><option value=\"Schweden\">Schweden<\/option><option value=\"Senegal\">Senegal<\/option><option value=\"Serbien\">Serbien<\/option><option value=\"Seychellen\">Seychellen<\/option><option value=\"Sierra Leone\">Sierra Leone<\/option><option value=\"Simbabwe\">Simbabwe<\/option><option value=\"Singapur\">Singapur<\/option><option value=\"Slowakei\">Slowakei<\/option><option value=\"Slowenien\">Slowenien<\/option><option value=\"Somalia\">Somalia<\/option><option value=\"Sri Lanka\">Sri Lanka<\/option><option value=\"St. Barth\u00e9lemy\">St. Barth\u00e9lemy<\/option><option value=\"St. Kitts und Nevis\">St. Kitts und Nevis<\/option><option value=\"St. Lucia\">St. Lucia<\/option><option value=\"St. Martin\">St. Martin<\/option><option value=\"St. Pierre und Miquelon\">St. Pierre und Miquelon<\/option><option value=\"St. Vincent und die Grenadinen\">St. Vincent und die Grenadinen<\/option><option value=\"Sudan\">Sudan<\/option><option value=\"Suriname\">Suriname<\/option><option value=\"Syrien\">Syrien<\/option><option value=\"S\u00e3o Tom\u00e9 und Pr\u00edncipe\">S\u00e3o Tom\u00e9 und Pr\u00edncipe<\/option><option value=\"S\u00fcdafrika\">S\u00fcdafrika<\/option><option value=\"S\u00fcdsudan\">S\u00fcdsudan<\/option><option value=\"Tadschikistan\">Tadschikistan<\/option><option value=\"Taiwan\">Taiwan<\/option><option value=\"Tansania\">Tansania<\/option><option value=\"Thailand\">Thailand<\/option><option value=\"Timor-Leste\">Timor-Leste<\/option><option value=\"Togo\">Togo<\/option><option value=\"Tokelau\">Tokelau<\/option><option value=\"Tonga\">Tonga<\/option><option value=\"Trinidad und Tobago\">Trinidad und Tobago<\/option><option value=\"Tschad\">Tschad<\/option><option value=\"Tschechische Republik\">Tschechische Republik<\/option><option value=\"Tunesien\">Tunesien<\/option><option value=\"Turkmenistan\">Turkmenistan<\/option><option value=\"Tuvalu\">Tuvalu<\/option><option value=\"T\u00fcrkei\">T\u00fcrkei<\/option><option value=\"Uganda\">Uganda<\/option><option value=\"Ukraine\">Ukraine<\/option><option value=\"Ungarn\">Ungarn<\/option><option value=\"Uruguay\">Uruguay<\/option><option value=\"Usbekistan\">Usbekistan<\/option><option value=\"Vanuatu\">Vanuatu<\/option><option value=\"Vatikanstadt\">Vatikanstadt<\/option><option value=\"Venezuela\">Venezuela<\/option><option value=\"Vereinigte Arabische Emirate\">Vereinigte Arabische Emirate<\/option><option value=\"Vereinigte Staaten\">Vereinigte Staaten<\/option><option value=\"Vietnam\">Vietnam<\/option><option value=\"Wallis und Futuna\">Wallis und Futuna<\/option><option value=\"Weihnachtsinsel\">Weihnachtsinsel<\/option><option value=\"Westjordanland\">Westjordanland<\/option><option value=\"Westsahara\">Westsahara<\/option><option value=\"Zentralafrikanische Republik\">Zentralafrikanische Republik<\/option><option value=\"Zypern\">Zypern<\/option><option value=\"\u00c5land\">\u00c5land<\/option><option value=\"\u00d6sterreich\">\u00d6sterreich<\/option><\/select><\/span>\n\t\t\t\t<\/p>\n\t\t\t<\/div>\n\t\t<\/div>\n\t\t<div class=\"col-lg-6 col-md-6 col-sm-6 col-xs-6\">\n\t\t\t<div class=\"input-group\">\n\t\t\t\t<p><span class=\"wpcf7-form-control-wrap\" data-name=\"text-name\"><input size=\"40\" maxlength=\"400\" class=\"wpcf7-form-control wpcf7-text wpcf7-validates-as-required\" aria-required=\"true\" aria-invalid=\"false\" placeholder=\"Name*\" value=\"\" type=\"text\" name=\"text-name\" \/><\/span>\n\t\t\t\t<\/p>\n\t\t\t<\/div>\n\t\t<\/div>\n\t\t<div class=\"col-lg-6 col-md-6 col-sm-6 col-xs-6\">\n\t\t\t<div class=\"input-group\">\n\t\t\t\t<p><span class=\"wpcf7-form-control-wrap\" data-name=\"text-name2\"><input size=\"40\" maxlength=\"400\" class=\"wpcf7-form-control wpcf7-text wpcf7-validates-as-required\" aria-required=\"true\" aria-invalid=\"false\" placeholder=\"Vorname*\" value=\"\" type=\"text\" name=\"text-name2\" \/><\/span>\n\t\t\t\t<\/p>\n\t\t\t<\/div>\n\t\t<\/div>\n\t\t<div class=\"col-lg-6 col-md-6 col-sm-6 col-xs-6\">\n\t\t\t<div class=\"input-group\">\n\t\t\t\t<p><span class=\"wpcf7-form-control-wrap\" data-name=\"email-898\"><input size=\"40\" maxlength=\"30\" minlength=\"5\" class=\"wpcf7-form-control wpcf7-email wpcf7-validates-as-required wpcf7-text wpcf7-validates-as-email email-898\" autocomplete=\"email\" aria-required=\"true\" aria-invalid=\"false\" placeholder=\"Email*\" value=\"\" type=\"email\" name=\"email-898\" \/><\/span>\n\t\t\t\t<\/p>\n\t\t\t<\/div>\n\t\t<\/div>\n\t\t<div class=\"col-lg-6 col-md-6 col-sm-6 col-xs-6\">\n\t\t\t<div class=\"input-group\">\n\t\t\t\t<p><span class=\"wpcf7-form-control-wrap\" data-name=\"phone\"><input size=\"40\" maxlength=\"400\" class=\"wpcf7-form-control wpcf7-tel wpcf7-validates-as-required wpcf7-text wpcf7-validates-as-tel\" aria-required=\"true\" aria-invalid=\"false\" placeholder=\"Telefonnummer mit Vorwahl*\" value=\"\" type=\"tel\" name=\"phone\" \/><\/span>\n\t\t\t\t<\/p>\n\t\t\t<\/div>\n\t\t<\/div>\n\t\t<div class=\"col-lg-12 col-md-12 col-sm-12 col-xs-12\" style=\"text-align:center;\">\n\t\t\t<div class=\"input-group\" style=\"display:flex; justify-content:center;\">\n\t\t\t\t<p><span class=\"wpcf7-form-control-wrap\" data-name=\"textarea-796\"><textarea cols=\"40\" rows=\"10\" maxlength=\"1000\" minlength=\"1\" class=\"wpcf7-form-control wpcf7-textarea wpcf7-validates-as-required\" aria-required=\"true\" aria-invalid=\"false\" placeholder=\"Ihre Nachricht eingeben\u2026*\" name=\"textarea-796\"><\/textarea><\/span>\n\t\t\t\t<\/p>\n\t\t\t<\/div>\n\t\t<\/div>\n\t\t<div class=\"col-lg-12 col-md-12 col-sm-12 col-xs-12\">\n\t\t\t<div class=\"input-group\" style=\"display:flex; justify-content:center;\">\n\t\t\t\t<p><button type=\"submit\" class=\"button size-lg icon_left\"><i class=\"fa fa-chevron-right\"><\/i> Formular senden<\/button>\n\t\t\t\t<\/p>\n\t\t\t<\/div>\n\t\t<\/div>\n\t<\/div>\n<\/div><div class=\"wpcf7-response-output\" aria-hidden=\"true\"><\/div>\n<\/form>\n<\/div>\n<\/p>\t\t\t\t\t\t\t\t<\/div>\n\t\t\t\t<\/div>\n\t\t\t\t\t<\/div>\n\t\t\t\t<\/div>\n\t\t\t\t<\/div>\n\t\t","protected":false},"excerpt":{"rendered":"<p>Kontakt \u00a0 CO\u2082 \/ Carbon \u2013 Kontakt &amp; Beratung Haben Sie Fragen zur Lieferung, Anwendung oder Qualit\u00e4t von CO\u2082? Wir bieten Ihnen zuverl\u00e4ssige CO\u2082-Versorgung, kompetente Beratung sowie ma\u00dfgeschneiderte L\u00f6sungen f\u00fcr Ihre individuellen Anforderungen. Kontaktformular Welche Anliegen interessiert Sie?<\/p>\n","protected":false},"author":1,"featured_media":0,"parent":0,"menu_order":6,"comment_status":"closed","ping_status":"closed","template":"fullwidth-page.php","meta":{"footnotes":""},"class_list":["post-2","page","type-page","status-publish","hentry"],"yoast_head":"<!-- This site is optimized with the Yoast SEO plugin v27.4 - https:\/\/yoast.com\/product\/yoast-seo-wordpress\/ -->\n<title>Kontakt - Carbon X - CO\u2082-Projekte<\/title>\n<meta name=\"robots\" content=\"index, follow, max-snippet:-1, max-image-preview:large, max-video-preview:-1\" \/>\n<link rel=\"canonical\" href=\"https:\/\/www.carbonx.ch\/?page_id=2\" \/>\n<meta property=\"og:locale\" content=\"de_DE\" \/>\n<meta property=\"og:type\" content=\"article\" \/>\n<meta property=\"og:title\" content=\"Kontakt - Carbon X - CO\u2082-Projekte\" \/>\n<meta property=\"og:description\" content=\"Kontakt \u00a0 CO\u2082 \/ Carbon \u2013 Kontakt &amp; Beratung Haben Sie Fragen zur Lieferung, Anwendung oder Qualit\u00e4t von CO\u2082? Wir bieten Ihnen zuverl\u00e4ssige CO\u2082-Versorgung, kompetente Beratung sowie ma\u00dfgeschneiderte L\u00f6sungen f\u00fcr Ihre individuellen Anforderungen. Kontaktformular Welche Anliegen interessiert Sie?\" \/>\n<meta property=\"og:url\" content=\"https:\/\/www.carbonx.ch\/?page_id=2\" \/>\n<meta property=\"og:site_name\" content=\"Carbon X - CO\u2082-Projekte\" \/>\n<meta property=\"article:modified_time\" content=\"2026-04-18T05:12:25+00:00\" \/>\n<meta name=\"twitter:card\" content=\"summary_large_image\" \/>\n<meta name=\"twitter:label1\" content=\"Gesch\u00e4tzte Lesezeit\" \/>\n\t<meta name=\"twitter:data1\" content=\"2\u00a0Minuten\" \/>\n<script type=\"application\/ld+json\" class=\"yoast-schema-graph\">{\"@context\":\"https:\\\/\\\/schema.org\",\"@graph\":[{\"@type\":\"WebPage\",\"@id\":\"https:\\\/\\\/www.carbonx.ch\\\/?page_id=2\",\"url\":\"https:\\\/\\\/www.carbonx.ch\\\/?page_id=2\",\"name\":\"Kontakt - Carbon X - CO\u2082-Projekte\",\"isPartOf\":{\"@id\":\"https:\\\/\\\/www.carbonx.ch\\\/#website\"},\"datePublished\":\"2026-04-14T18:15:04+00:00\",\"dateModified\":\"2026-04-18T05:12:25+00:00\",\"breadcrumb\":{\"@id\":\"https:\\\/\\\/www.carbonx.ch\\\/?page_id=2#breadcrumb\"},\"inLanguage\":\"de\",\"potentialAction\":[{\"@type\":\"ReadAction\",\"target\":[\"https:\\\/\\\/www.carbonx.ch\\\/?page_id=2\"]}]},{\"@type\":\"BreadcrumbList\",\"@id\":\"https:\\\/\\\/www.carbonx.ch\\\/?page_id=2#breadcrumb\",\"itemListElement\":[{\"@type\":\"ListItem\",\"position\":1,\"name\":\"Start\",\"item\":\"https:\\\/\\\/www.carbonx.ch\\\/\"},{\"@type\":\"ListItem\",\"position\":2,\"name\":\"Kontakt\"}]},{\"@type\":\"WebSite\",\"@id\":\"https:\\\/\\\/www.carbonx.ch\\\/#website\",\"url\":\"https:\\\/\\\/www.carbonx.ch\\\/\",\"name\":\"Carbon X - CO\u2082-Projekte\",\"description\":\"\",\"publisher\":{\"@id\":\"https:\\\/\\\/www.carbonx.ch\\\/#organization\"},\"potentialAction\":[{\"@type\":\"SearchAction\",\"target\":{\"@type\":\"EntryPoint\",\"urlTemplate\":\"https:\\\/\\\/www.carbonx.ch\\\/?s={search_term_string}\"},\"query-input\":{\"@type\":\"PropertyValueSpecification\",\"valueRequired\":true,\"valueName\":\"search_term_string\"}}],\"inLanguage\":\"de\"},{\"@type\":\"Organization\",\"@id\":\"https:\\\/\\\/www.carbonx.ch\\\/#organization\",\"name\":\"Carbon X - CO\u2082-Projekte\",\"url\":\"https:\\\/\\\/www.carbonx.ch\\\/\",\"logo\":{\"@type\":\"ImageObject\",\"inLanguage\":\"de\",\"@id\":\"https:\\\/\\\/www.carbonx.ch\\\/#\\\/schema\\\/logo\\\/image\\\/\",\"url\":\"https:\\\/\\\/www.carbonx.ch\\\/wp-content\\\/uploads\\\/2026\\\/04\\\/cropped-carbon_x_1dc.png\",\"contentUrl\":\"https:\\\/\\\/www.carbonx.ch\\\/wp-content\\\/uploads\\\/2026\\\/04\\\/cropped-carbon_x_1dc.png\",\"width\":685,\"height\":656,\"caption\":\"Carbon X - CO\u2082-Projekte\"},\"image\":{\"@id\":\"https:\\\/\\\/www.carbonx.ch\\\/#\\\/schema\\\/logo\\\/image\\\/\"}}]}<\/script>\n<!-- \/ Yoast SEO plugin. -->","yoast_head_json":{"title":"Kontakt - Carbon X - CO\u2082-Projekte","robots":{"index":"index","follow":"follow","max-snippet":"max-snippet:-1","max-image-preview":"max-image-preview:large","max-video-preview":"max-video-preview:-1"},"canonical":"https:\/\/www.carbonx.ch\/?page_id=2","og_locale":"de_DE","og_type":"article","og_title":"Kontakt - Carbon X - CO\u2082-Projekte","og_description":"Kontakt \u00a0 CO\u2082 \/ Carbon \u2013 Kontakt &amp; Beratung Haben Sie Fragen zur Lieferung, Anwendung oder Qualit\u00e4t von CO\u2082? Wir bieten Ihnen zuverl\u00e4ssige CO\u2082-Versorgung, kompetente Beratung sowie ma\u00dfgeschneiderte L\u00f6sungen f\u00fcr Ihre individuellen Anforderungen. Kontaktformular Welche Anliegen interessiert Sie?","og_url":"https:\/\/www.carbonx.ch\/?page_id=2","og_site_name":"Carbon X - CO\u2082-Projekte","article_modified_time":"2026-04-18T05:12:25+00:00","twitter_card":"summary_large_image","twitter_misc":{"Gesch\u00e4tzte Lesezeit":"2\u00a0Minuten"},"schema":{"@context":"https:\/\/schema.org","@graph":[{"@type":"WebPage","@id":"https:\/\/www.carbonx.ch\/?page_id=2","url":"https:\/\/www.carbonx.ch\/?page_id=2","name":"Kontakt - Carbon X - CO\u2082-Projekte","isPartOf":{"@id":"https:\/\/www.carbonx.ch\/#website"},"datePublished":"2026-04-14T18:15:04+00:00","dateModified":"2026-04-18T05:12:25+00:00","breadcrumb":{"@id":"https:\/\/www.carbonx.ch\/?page_id=2#breadcrumb"},"inLanguage":"de","potentialAction":[{"@type":"ReadAction","target":["https:\/\/www.carbonx.ch\/?page_id=2"]}]},{"@type":"BreadcrumbList","@id":"https:\/\/www.carbonx.ch\/?page_id=2#breadcrumb","itemListElement":[{"@type":"ListItem","position":1,"name":"Start","item":"https:\/\/www.carbonx.ch\/"},{"@type":"ListItem","position":2,"name":"Kontakt"}]},{"@type":"WebSite","@id":"https:\/\/www.carbonx.ch\/#website","url":"https:\/\/www.carbonx.ch\/","name":"Carbon X - CO\u2082-Projekte","description":"","publisher":{"@id":"https:\/\/www.carbonx.ch\/#organization"},"potentialAction":[{"@type":"SearchAction","target":{"@type":"EntryPoint","urlTemplate":"https:\/\/www.carbonx.ch\/?s={search_term_string}"},"query-input":{"@type":"PropertyValueSpecification","valueRequired":true,"valueName":"search_term_string"}}],"inLanguage":"de"},{"@type":"Organization","@id":"https:\/\/www.carbonx.ch\/#organization","name":"Carbon X - CO\u2082-Projekte","url":"https:\/\/www.carbonx.ch\/","logo":{"@type":"ImageObject","inLanguage":"de","@id":"https:\/\/www.carbonx.ch\/#\/schema\/logo\/image\/","url":"https:\/\/www.carbonx.ch\/wp-content\/uploads\/2026\/04\/cropped-carbon_x_1dc.png","contentUrl":"https:\/\/www.carbonx.ch\/wp-content\/uploads\/2026\/04\/cropped-carbon_x_1dc.png","width":685,"height":656,"caption":"Carbon X - CO\u2082-Projekte"},"image":{"@id":"https:\/\/www.carbonx.ch\/#\/schema\/logo\/image\/"}}]}},"_links":{"self":[{"href":"https:\/\/www.carbonx.ch\/index.php?rest_route=\/wp\/v2\/pages\/2","targetHints":{"allow":["GET"]}}],"collection":[{"href":"https:\/\/www.carbonx.ch\/index.php?rest_route=\/wp\/v2\/pages"}],"about":[{"href":"https:\/\/www.carbonx.ch\/index.php?rest_route=\/wp\/v2\/types\/page"}],"author":[{"embeddable":true,"href":"https:\/\/www.carbonx.ch\/index.php?rest_route=\/wp\/v2\/users\/1"}],"replies":[{"embeddable":true,"href":"https:\/\/www.carbonx.ch\/index.php?rest_route=%2Fwp%2Fv2%2Fcomments&post=2"}],"version-history":[{"count":27,"href":"https:\/\/www.carbonx.ch\/index.php?rest_route=\/wp\/v2\/pages\/2\/revisions"}],"predecessor-version":[{"id":281,"href":"https:\/\/www.carbonx.ch\/index.php?rest_route=\/wp\/v2\/pages\/2\/revisions\/281"}],"wp:attachment":[{"href":"https:\/\/www.carbonx.ch\/index.php?rest_route=%2Fwp%2Fv2%2Fmedia&parent=2"}],"curies":[{"name":"wp","href":"https:\/\/api.w.org\/{rel}","templated":true}]}}