{"id":704,"date":"2026-04-19T07:25:01","date_gmt":"2026-04-19T07:25:01","guid":{"rendered":"https:\/\/www.carbonx.ch\/?page_id=704"},"modified":"2026-04-19T08:42:45","modified_gmt":"2026-04-19T08:42:45","slug":"carbonassets","status":"publish","type":"page","link":"https:\/\/www.carbonx.ch\/?page_id=704","title":{"rendered":"Carbon Assets"},"content":{"rendered":"<div class=\"passster-form\" id=\"ps-524\">\n    <form class=\"password-form\" method=\"post\" autocomplete=\"off\" target=\"_top\">\n        <span class=\"ps-form-headline\">Exklusiver Zugang f\u00fcr Partner und Kunden<\/span>\n        <div class=\"ps-form-instructions-wrap\"><p>Der Zugang zu diesem Bereich erfolgt ausschlie\u00dflich auf Einladung. Eine \u00f6ffentliche Einsicht ist bewusst nicht vorgesehen.<\/p>\n\n<p>Zum Schutz sensibler Daten, zur Wahrung der Projektintegrit\u00e4t sowie zur Sicherstellung einer transparenten und nachvollziehbaren Dokumentation werden alle Informationen nur autorisierten Nutzern bereitgestellt.<\/p>\n\n<p>Bitte verwenden Sie Ihren pers\u00f6nlichen Zugangscode, um Zugriff auf Ihre zertifizierten CO\u2082-Kompensationen und Nachweise zu erhalten.<\/p><\/div>\n        <fieldset>\n            <span class=\"ps-loader\" style=\"display:none;\"><img decoding=\"async\" src=\"https:\/\/www.carbonx.ch\/wp-content\/plugins\/content-protector\/assets\/public\/ps-loader.svg\" alt=\"\" \/><\/span>\n            <label for=\"input-ps-524\" style=\"display:none;\" class=\"passster-hidden\">Trage dein Passwort ein<\/label>\n            <input placeholder=\"Bitte geben Sie Ihren Zugangscode ein...\" type=\"password\" tabindex=\"1\" name=\"passster_password\"\n                   id=\"input-ps-524\" class=\"passster-password\" autocomplete=\"off\"\n                   data-protection-type=\"password\" data-list=\"[PASSSTER_LIST]\" data-lists=\"[PASSSTER_LISTS]\" data-area=\"[PASSSTER_AREA]\"\n                   data-protection=\"full\">\n            \n            <button name=\"submit\" type=\"submit\" class=\"passster-submit\" data-psid=\"ps-524\" data-post-id=\"704\" data-term-id=\"0\" \n                    data-submit=\"...Checking Password\" data-redirect=\"\">Freigeben\n            <\/button>\n            <div class=\"passster-error\"><\/div>\n        <\/fieldset>\n    <\/form>\n<\/div>\n","protected":false},"excerpt":{"rendered":"<div class=\"passster-form\" id=\"ps-524\">\n<form class=\"password-form\" method=\"post\" autocomplete=\"off\" target=\"_top\">\n        <span class=\"ps-form-headline\">Exklusiver Zugang f\u00fcr Partner und Kunden<\/span><\/p>\n<div class=\"ps-form-instructions-wrap\">\n<p>Der Zugang zu diesem Bereich erfolgt ausschlie\u00dflich auf Einladung. Eine \u00f6ffentliche Einsicht ist bewusst nicht vorgesehen.<\/p>\n<p>Zum Schutz sensibler Daten, zur Wahrung der Projektintegrit\u00e4t sowie zur Sicherstellung einer transparenten und nachvollziehbaren Dokumentation werden alle Informationen nur autorisierten Nutzern bereitgestellt.<\/p>\n<p>Bitte verwenden Sie Ihren pers\u00f6nlichen Zugangscode, um Zugriff auf Ihre zertifizierten CO\u2082-Kompensationen und Nachweise zu erhalten.<\/p>\n<\/div>\n<fieldset>\n            <span class=\"ps-loader\" style=\"display:none;\"><img decoding=\"async\" src=\"https:\/\/www.carbonx.ch\/wp-content\/plugins\/content-protector\/assets\/public\/ps-loader.svg\" alt=\"\" \/><\/span><br \/>\n            <label for=\"input-ps-524\" style=\"display:none;\" class=\"passster-hidden\">Trage dein Passwort ein<\/label><br \/>\n            <input placeholder=\"Bitte geben Sie Ihren Zugangscode ein...\" type=\"password\" tabindex=\"1\" name=\"passster_password\"\n                   id=\"input-ps-524\" class=\"passster-password\" autocomplete=\"off\"\n                   data-protection-type=\"password\" data-list=\"[PASSSTER_LIST]\" data-lists=\"[PASSSTER_LISTS]\" data-area=\"[PASSSTER_AREA]\"\n                   data-protection=\"full\"><\/p>\n<p>            <button name=\"submit\" type=\"submit\" class=\"passster-submit\" data-psid=\"ps-524\" data-post-id=\"704\" data-term-id=\"0\" \n                    data-submit=\"...Checking Password\" data-redirect=\"\">Freigeben<br \/>\n            <\/button><\/p>\n<div class=\"passster-error\"><\/div>\n<\/fieldset><\/form>\n<\/div>\n","protected":false},"author":1,"featured_media":0,"parent":0,"menu_order":2,"comment_status":"closed","ping_status":"closed","template":"fullwidth-page.php","meta":{"footnotes":""},"class_list":["post-704","page","type-page","status-publish","hentry"],"yoast_head":"<!-- This site is optimized with the Yoast SEO plugin v27.4 - https:\/\/yoast.com\/product\/yoast-seo-wordpress\/ -->\n<title>Carbon Assets - Carbon X - CO\u2082-Projekte<\/title>\n<meta name=\"robots\" content=\"index, follow, max-snippet:-1, max-image-preview:large, max-video-preview:-1\" \/>\n<link rel=\"canonical\" href=\"https:\/\/www.carbonx.ch\/?page_id=704\" \/>\n<meta property=\"og:locale\" content=\"de_DE\" \/>\n<meta property=\"og:type\" content=\"article\" \/>\n<meta property=\"og:title\" content=\"Carbon Assets - Carbon X - CO\u2082-Projekte\" \/>\n<meta property=\"og:description\" content=\"Exklusiver Zugang f\u00fcr Partner und Kunden     Der Zugang zu diesem Bereich erfolgt ausschlie\u00dflich auf Einladung. Eine \u00f6ffentliche Einsicht ist bewusst nicht vorgesehen. Zum Schutz sensibler Daten, zur Wahrung der Projektintegrit\u00e4t sowie zur Sicherstellung einer transparenten und nachvollziehbaren Dokumentation werden alle Informationen nur autorisierten Nutzern bereitgestellt. Bitte verwenden Sie Ihren pers\u00f6nlichen Zugangscode, um Zugriff auf Ihre zertifizierten CO\u2082-Kompensationen und Nachweise zu erhalten.                  Trage dein Passwort ein                    Freigeben\" \/>\n<meta property=\"og:url\" content=\"https:\/\/www.carbonx.ch\/?page_id=704\" \/>\n<meta property=\"og:site_name\" content=\"Carbon X - CO\u2082-Projekte\" \/>\n<meta property=\"article:modified_time\" content=\"2026-04-19T08:42:45+00:00\" \/>\n<meta name=\"twitter:card\" content=\"summary_large_image\" \/>\n<meta name=\"twitter:label1\" content=\"Gesch\u00e4tzte Lesezeit\" \/>\n\t<meta name=\"twitter:data1\" content=\"3\u00a0Minuten\" \/>\n<script type=\"application\/ld+json\" class=\"yoast-schema-graph\">{\"@context\":\"https:\\\/\\\/schema.org\",\"@graph\":[{\"@type\":\"WebPage\",\"@id\":\"https:\\\/\\\/www.carbonx.ch\\\/?page_id=704\",\"url\":\"https:\\\/\\\/www.carbonx.ch\\\/?page_id=704\",\"name\":\"Carbon Assets - Carbon X - CO\u2082-Projekte\",\"isPartOf\":{\"@id\":\"https:\\\/\\\/www.carbonx.ch\\\/#website\"},\"datePublished\":\"2026-04-19T07:25:01+00:00\",\"dateModified\":\"2026-04-19T08:42:45+00:00\",\"breadcrumb\":{\"@id\":\"https:\\\/\\\/www.carbonx.ch\\\/?page_id=704#breadcrumb\"},\"inLanguage\":\"de\",\"potentialAction\":[{\"@type\":\"ReadAction\",\"target\":[\"https:\\\/\\\/www.carbonx.ch\\\/?page_id=704\"]}]},{\"@type\":\"BreadcrumbList\",\"@id\":\"https:\\\/\\\/www.carbonx.ch\\\/?page_id=704#breadcrumb\",\"itemListElement\":[{\"@type\":\"ListItem\",\"position\":1,\"name\":\"Start\",\"item\":\"https:\\\/\\\/www.carbonx.ch\\\/\"},{\"@type\":\"ListItem\",\"position\":2,\"name\":\"Carbon Assets\"}]},{\"@type\":\"WebSite\",\"@id\":\"https:\\\/\\\/www.carbonx.ch\\\/#website\",\"url\":\"https:\\\/\\\/www.carbonx.ch\\\/\",\"name\":\"Carbon X - CO\u2082-Projekte\",\"description\":\"\",\"publisher\":{\"@id\":\"https:\\\/\\\/www.carbonx.ch\\\/#organization\"},\"potentialAction\":[{\"@type\":\"SearchAction\",\"target\":{\"@type\":\"EntryPoint\",\"urlTemplate\":\"https:\\\/\\\/www.carbonx.ch\\\/?s={search_term_string}\"},\"query-input\":{\"@type\":\"PropertyValueSpecification\",\"valueRequired\":true,\"valueName\":\"search_term_string\"}}],\"inLanguage\":\"de\"},{\"@type\":\"Organization\",\"@id\":\"https:\\\/\\\/www.carbonx.ch\\\/#organization\",\"name\":\"Carbon X - CO\u2082-Projekte\",\"url\":\"https:\\\/\\\/www.carbonx.ch\\\/\",\"logo\":{\"@type\":\"ImageObject\",\"inLanguage\":\"de\",\"@id\":\"https:\\\/\\\/www.carbonx.ch\\\/#\\\/schema\\\/logo\\\/image\\\/\",\"url\":\"https:\\\/\\\/www.carbonx.ch\\\/wp-content\\\/uploads\\\/2026\\\/04\\\/cropped-carbon_x_1dc.png\",\"contentUrl\":\"https:\\\/\\\/www.carbonx.ch\\\/wp-content\\\/uploads\\\/2026\\\/04\\\/cropped-carbon_x_1dc.png\",\"width\":685,\"height\":656,\"caption\":\"Carbon X - CO\u2082-Projekte\"},\"image\":{\"@id\":\"https:\\\/\\\/www.carbonx.ch\\\/#\\\/schema\\\/logo\\\/image\\\/\"}}]}<\/script>\n<!-- \/ Yoast SEO plugin. -->","yoast_head_json":{"title":"Carbon Assets - Carbon X - CO\u2082-Projekte","robots":{"index":"index","follow":"follow","max-snippet":"max-snippet:-1","max-image-preview":"max-image-preview:large","max-video-preview":"max-video-preview:-1"},"canonical":"https:\/\/www.carbonx.ch\/?page_id=704","og_locale":"de_DE","og_type":"article","og_title":"Carbon Assets - Carbon X - CO\u2082-Projekte","og_description":"Exklusiver Zugang f\u00fcr Partner und Kunden     Der Zugang zu diesem Bereich erfolgt ausschlie\u00dflich auf Einladung. Eine \u00f6ffentliche Einsicht ist bewusst nicht vorgesehen. Zum Schutz sensibler Daten, zur Wahrung der Projektintegrit\u00e4t sowie zur Sicherstellung einer transparenten und nachvollziehbaren Dokumentation werden alle Informationen nur autorisierten Nutzern bereitgestellt. Bitte verwenden Sie Ihren pers\u00f6nlichen Zugangscode, um Zugriff auf Ihre zertifizierten CO\u2082-Kompensationen und Nachweise zu erhalten.                  Trage dein Passwort ein                    Freigeben","og_url":"https:\/\/www.carbonx.ch\/?page_id=704","og_site_name":"Carbon X - CO\u2082-Projekte","article_modified_time":"2026-04-19T08:42:45+00:00","twitter_card":"summary_large_image","twitter_misc":{"Gesch\u00e4tzte Lesezeit":"3\u00a0Minuten"},"schema":{"@context":"https:\/\/schema.org","@graph":[{"@type":"WebPage","@id":"https:\/\/www.carbonx.ch\/?page_id=704","url":"https:\/\/www.carbonx.ch\/?page_id=704","name":"Carbon Assets - Carbon X - CO\u2082-Projekte","isPartOf":{"@id":"https:\/\/www.carbonx.ch\/#website"},"datePublished":"2026-04-19T07:25:01+00:00","dateModified":"2026-04-19T08:42:45+00:00","breadcrumb":{"@id":"https:\/\/www.carbonx.ch\/?page_id=704#breadcrumb"},"inLanguage":"de","potentialAction":[{"@type":"ReadAction","target":["https:\/\/www.carbonx.ch\/?page_id=704"]}]},{"@type":"BreadcrumbList","@id":"https:\/\/www.carbonx.ch\/?page_id=704#breadcrumb","itemListElement":[{"@type":"ListItem","position":1,"name":"Start","item":"https:\/\/www.carbonx.ch\/"},{"@type":"ListItem","position":2,"name":"Carbon Assets"}]},{"@type":"WebSite","@id":"https:\/\/www.carbonx.ch\/#website","url":"https:\/\/www.carbonx.ch\/","name":"Carbon X - CO\u2082-Projekte","description":"","publisher":{"@id":"https:\/\/www.carbonx.ch\/#organization"},"potentialAction":[{"@type":"SearchAction","target":{"@type":"EntryPoint","urlTemplate":"https:\/\/www.carbonx.ch\/?s={search_term_string}"},"query-input":{"@type":"PropertyValueSpecification","valueRequired":true,"valueName":"search_term_string"}}],"inLanguage":"de"},{"@type":"Organization","@id":"https:\/\/www.carbonx.ch\/#organization","name":"Carbon X - CO\u2082-Projekte","url":"https:\/\/www.carbonx.ch\/","logo":{"@type":"ImageObject","inLanguage":"de","@id":"https:\/\/www.carbonx.ch\/#\/schema\/logo\/image\/","url":"https:\/\/www.carbonx.ch\/wp-content\/uploads\/2026\/04\/cropped-carbon_x_1dc.png","contentUrl":"https:\/\/www.carbonx.ch\/wp-content\/uploads\/2026\/04\/cropped-carbon_x_1dc.png","width":685,"height":656,"caption":"Carbon X - CO\u2082-Projekte"},"image":{"@id":"https:\/\/www.carbonx.ch\/#\/schema\/logo\/image\/"}}]}},"_links":{"self":[{"href":"https:\/\/www.carbonx.ch\/index.php?rest_route=\/wp\/v2\/pages\/704","targetHints":{"allow":["GET"]}}],"collection":[{"href":"https:\/\/www.carbonx.ch\/index.php?rest_route=\/wp\/v2\/pages"}],"about":[{"href":"https:\/\/www.carbonx.ch\/index.php?rest_route=\/wp\/v2\/types\/page"}],"author":[{"embeddable":true,"href":"https:\/\/www.carbonx.ch\/index.php?rest_route=\/wp\/v2\/users\/1"}],"replies":[{"embeddable":true,"href":"https:\/\/www.carbonx.ch\/index.php?rest_route=%2Fwp%2Fv2%2Fcomments&post=704"}],"version-history":[{"count":41,"href":"https:\/\/www.carbonx.ch\/index.php?rest_route=\/wp\/v2\/pages\/704\/revisions"}],"predecessor-version":[{"id":792,"href":"https:\/\/www.carbonx.ch\/index.php?rest_route=\/wp\/v2\/pages\/704\/revisions\/792"}],"wp:attachment":[{"href":"https:\/\/www.carbonx.ch\/index.php?rest_route=%2Fwp%2Fv2%2Fmedia&parent=704"}],"curies":[{"name":"wp","href":"https:\/\/api.w.org\/{rel}","templated":true}]}}